{"id":17,"date":"2021-07-11T16:54:32","date_gmt":"2021-07-11T14:54:32","guid":{"rendered":"http:\/\/epu-courseulles.fr\/?page_id=17"},"modified":"2021-07-11T16:54:32","modified_gmt":"2021-07-11T14:54:32","slug":"un-peu-dhistoire","status":"publish","type":"page","link":"https:\/\/epu-courseulles.fr\/index.php\/un-peu-dhistoire\/","title":{"rendered":"Un peu d\u2019histoire\u2026"},"content":{"rendered":"\n<p>C\u2019est depuis l\u2019an 1564 que l\u2019Eglise r\u00e9form\u00e9e est pr\u00e9sente \u00e0 Courseulles.<\/p>\n\n\n\n<p>En 1648, le cimeti\u00e8re protestant est cr\u00e9\u00e9; il est toujours l\u00e0, entour\u00e9 de son mur de pierres. Il disposait m\u00eame d\u2019une entr\u00e9e directe sur l\u2019ext\u00e9rieur afin que les protestants ne traversent pas le cimeti\u00e8re communal au milieu duquel il se trouve.<\/p>\n\n\n\n<div class=\"wp-block-image\"><figure class=\"alignleft\"><a href=\"https:\/\/i0.wp.com\/erf-courseulles.fr\/wp-content\/uploads\/2012\/06\/courseulles1.jpg\"><img decoding=\"async\" src=\"https:\/\/i0.wp.com\/erf-courseulles.fr\/wp-content\/uploads\/2012\/06\/courseulles1.jpg?w=640\" alt=\"\" class=\"wp-image-39\" title=\"vieux temple exterieur\" data-recalc-dims=\"1\"\/><\/a><\/figure><\/div>\n\n\n\n<p>En 1822, le temple est construit, dans un terrain mar\u00e9cageux donn\u00e9 par Mr Auguste Osmont, au bout d\u2019un chemin menant au \u00abmarais\u00bb ; cette donation a \u00e9t\u00e9 confirm\u00e9e par autorisation royale du minist\u00e8re de l\u2019Int\u00e9rieur, et rien ne laissait pr\u00e9sager qu\u2019il se trouverait aujourd\u2019hui en pleine ville.<\/p>\n\n\n\n<p>Sa surface int\u00e9rieure est de soixante-quatre m\u00e8tres carr\u00e9s ; il est mont\u00e9 en pierre de Caen jointoy\u00e9e de terre. Son architecture,typiquement XVIII\u00e8 est simple mais agr\u00e9able avec ses appareillages de pierres taill\u00e9es.<\/p>\n\n\n\n<div class=\"wp-block-image\"><figure class=\"alignright\"><a href=\"https:\/\/i0.wp.com\/erf-courseulles.fr\/wp-content\/uploads\/2012\/06\/courseulles3.jpg\"><img decoding=\"async\" src=\"https:\/\/i0.wp.com\/erf-courseulles.fr\/wp-content\/uploads\/2012\/06\/courseulles3-300x198.jpg?resize=300%2C198\" alt=\"\" class=\"wp-image-41\" title=\"temple interieur\" data-recalc-dims=\"1\"\/><\/a><\/figure><\/div>\n\n\n\n<p>Solide en d\u00e9pit de ses murs de terre, il est fortement secou\u00e9 le 6 juin 1944 (il avait alors cent vingt-deux ans) par un obus de mortier qui traverse la toiture, \u00e9branle ses murs et meurtrit sa charpente.<\/p>\n\n\n\n<p>Les soldats britanniques le r\u00e9parent sommairement pour y c\u00e9l\u00e9brer \u00e9galement le culte Anglican pendant quelques semaines. La partie centrale du plafond a \u00e9t\u00e9 remplac\u00e9e par les soldats avec le vaigrage de fond d\u2019un bateau \u00e9chou\u00e9.<\/p>\n\n\n\n<p>Le temple est rest\u00e9 en l\u2019\u00e9tat depuis le d\u00e9barquement.&nbsp;De nombreux projets se restaurations, ou plus ambitieux de d\u00e9molition et reconstruction d\u2019un temple neuf se sont succ\u00e9d\u00e9s sans concr\u00e9tisations.<\/p>\n\n\n\n<p>En 1998, il y avait tout de m\u00eame cinquante-trois ans que le temple attendait, le projet est repris et la restauration est d\u00e9cid\u00e9e.<\/p>\n\n\n\n<p>Le financement est assur\u00e9 par la vente du temple de Cresseron, d\u00e9saffect\u00e9 depuis longtemps, \u00e0 la commune de Cresseron, la participation de la R\u00e9gion ERF Nord \u2013 Normandie, une subvention de la Mairie de Courseulles, des dons de paroissiens et de la communaut\u00e9 catholique, joints aux \u00e9conomies de la paroisse.<\/p>\n\n\n\n<div class=\"wp-block-image\"><figure class=\"alignright\"><a href=\"https:\/\/i0.wp.com\/erf-courseulles.fr\/wp-content\/uploads\/2012\/06\/courseulles2.jpg\"><img decoding=\"async\" src=\"https:\/\/i0.wp.com\/erf-courseulles.fr\/wp-content\/uploads\/2012\/06\/courseulles2-300x198.jpg?resize=300%2C198\" alt=\"\" class=\"wp-image-42\" title=\"temple cour\" data-recalc-dims=\"1\"\/><\/a><\/figure><\/div>\n\n\n\n<p>Finalement, le temple a pu \u00eatre restaur\u00e9 dans son gros oeuvre en conservant quelques blessures du d\u00e9barquement, la partie centrale du plafond remplac\u00e9 par les soldats est conserv\u00e9<\/p>\n\n\n\n<p>Le temple n\u2019est pas plus grand, il n\u2019a toujours pas de salle annexe, mais il est toujours pr\u00e9sent. Il est maintenant couronn\u00e9 en son pignon Est d\u2019une croix de pierre, \u00ab car il est bon de savoir qu\u2019en ce lieu nous venons chercher Dieu \u00bb.<\/p>\n\n\n\n<p>Une nouvelle entr\u00e9e est am\u00e9nag\u00e9e par la cour int\u00e9rieure, et le sens est invers\u00e9, la vielle chaire est restaur\u00e9e, mais garde les cicatrices des combats. Une croix en ch\u00eane, taill\u00e9e dans les pannes de la vielle charpente endommag\u00e9e, est install\u00e9e \u00e0 l\u2019int\u00e9rieur, dans une niche. La plaque d\u2019ardoise grav\u00e9e du \u00abNotre P\u00e8re\u00bb, bris\u00e9e en 1944, et qui faisait face au Symbole des Ap\u00f4tres est refaite et remise \u00e0 son emplacement d\u2019origine.<\/p>\n\n\n\n<p>Et comme cela existe depuis longtemps, le culte continue, tous les dimanches matin dans le temple de Courseulles que nous laissons pour le futur comme un t\u00e9moignage du pass\u00e9 et du pr\u00e9sent.<\/p>\n","protected":false},"excerpt":{"rendered":"<p>C\u2019est depuis l\u2019an 1564 que l\u2019Eglise r\u00e9form\u00e9e est pr\u00e9sente \u00e0 Courseulles. En 1648, le cimeti\u00e8re protestant est cr\u00e9\u00e9; il est toujours l\u00e0, entour\u00e9 de son mur de pierres. Il disposait m\u00eame d\u2019une entr\u00e9e directe sur l\u2019ext\u00e9rieur afin que les protestants ne traversent pas le cimeti\u00e8re communal au milieu duquel il se trouve. En 1822, le temple est construit, dans un terrain mar\u00e9cageux donn\u00e9 par Mr Auguste Osmont, au bout d\u2019un chemin menant au \u00abmarais\u00bb ; cette donation a \u00e9t\u00e9 confirm\u00e9e&#8230;<\/p>\n<p class=\"read-more\"><a class=\"btn btn-default\" href=\"https:\/\/epu-courseulles.fr\/index.php\/un-peu-dhistoire\/\">Lire la suite<span class=\"screen-reader-text\"> Lire la suite<\/span><\/a><\/p>\n","protected":false},"author":1,"featured_media":0,"parent":0,"menu_order":0,"comment_status":"closed","ping_status":"closed","template":"","meta":{"footnotes":""},"class_list":["post-17","page","type-page","status-publish","hentry"],"yoast_head":"<!-- This site is optimized with the Yoast SEO plugin v22.6 - https:\/\/yoast.com\/wordpress\/plugins\/seo\/ -->\n<title>Un peu d\u2019histoire\u2026 - Eglise Protestante Unie de Courseulles<\/title>\n<meta name=\"robots\" content=\"index, follow, max-snippet:-1, max-image-preview:large, max-video-preview:-1\" \/>\n<link rel=\"canonical\" href=\"https:\/\/epu-courseulles.fr\/index.php\/un-peu-dhistoire\/\" \/>\n<meta property=\"og:locale\" content=\"fr_FR\" \/>\n<meta property=\"og:type\" content=\"article\" \/>\n<meta property=\"og:title\" content=\"Un peu d\u2019histoire\u2026 - Eglise Protestante Unie de Courseulles\" \/>\n<meta property=\"og:description\" content=\"C\u2019est depuis l\u2019an 1564 que l\u2019Eglise r\u00e9form\u00e9e est pr\u00e9sente \u00e0 Courseulles. En 1648, le cimeti\u00e8re protestant est cr\u00e9\u00e9; il est toujours l\u00e0, entour\u00e9 de son mur de pierres. Il disposait m\u00eame d\u2019une entr\u00e9e directe sur l\u2019ext\u00e9rieur afin que les protestants ne traversent pas le cimeti\u00e8re communal au milieu duquel il se trouve. En 1822, le temple est construit, dans un terrain mar\u00e9cageux donn\u00e9 par Mr Auguste Osmont, au bout d\u2019un chemin menant au \u00abmarais\u00bb ; cette donation a \u00e9t\u00e9 confirm\u00e9e...Lire la suite Lire la suite\" \/>\n<meta property=\"og:url\" content=\"https:\/\/epu-courseulles.fr\/index.php\/un-peu-dhistoire\/\" \/>\n<meta property=\"og:site_name\" content=\"Eglise Protestante Unie de Courseulles\" \/>\n<meta property=\"og:image\" content=\"http:\/\/erf-courseulles.fr\/wp-content\/uploads\/2012\/06\/courseulles1.jpg\" \/>\n<meta name=\"twitter:card\" content=\"summary_large_image\" \/>\n<meta name=\"twitter:label1\" content=\"Dur\u00e9e de lecture estim\u00e9e\" \/>\n\t<meta name=\"twitter:data1\" content=\"3 minutes\" \/>\n<script type=\"application\/ld+json\" class=\"yoast-schema-graph\">{\"@context\":\"https:\/\/schema.org\",\"@graph\":[{\"@type\":\"WebPage\",\"@id\":\"https:\/\/epu-courseulles.fr\/index.php\/un-peu-dhistoire\/\",\"url\":\"https:\/\/epu-courseulles.fr\/index.php\/un-peu-dhistoire\/\",\"name\":\"Un peu d\u2019histoire\u2026 - Eglise Protestante Unie de Courseulles\",\"isPartOf\":{\"@id\":\"https:\/\/epu-courseulles.fr\/#website\"},\"primaryImageOfPage\":{\"@id\":\"https:\/\/epu-courseulles.fr\/index.php\/un-peu-dhistoire\/#primaryimage\"},\"image\":{\"@id\":\"https:\/\/epu-courseulles.fr\/index.php\/un-peu-dhistoire\/#primaryimage\"},\"thumbnailUrl\":\"http:\/\/erf-courseulles.fr\/wp-content\/uploads\/2012\/06\/courseulles1.jpg\",\"datePublished\":\"2021-07-11T14:54:32+00:00\",\"dateModified\":\"2021-07-11T14:54:32+00:00\",\"breadcrumb\":{\"@id\":\"https:\/\/epu-courseulles.fr\/index.php\/un-peu-dhistoire\/#breadcrumb\"},\"inLanguage\":\"fr-FR\",\"potentialAction\":[{\"@type\":\"ReadAction\",\"target\":[\"https:\/\/epu-courseulles.fr\/index.php\/un-peu-dhistoire\/\"]}]},{\"@type\":\"ImageObject\",\"inLanguage\":\"fr-FR\",\"@id\":\"https:\/\/epu-courseulles.fr\/index.php\/un-peu-dhistoire\/#primaryimage\",\"url\":\"http:\/\/erf-courseulles.fr\/wp-content\/uploads\/2012\/06\/courseulles1.jpg\",\"contentUrl\":\"http:\/\/erf-courseulles.fr\/wp-content\/uploads\/2012\/06\/courseulles1.jpg\"},{\"@type\":\"BreadcrumbList\",\"@id\":\"https:\/\/epu-courseulles.fr\/index.php\/un-peu-dhistoire\/#breadcrumb\",\"itemListElement\":[{\"@type\":\"ListItem\",\"position\":1,\"name\":\"Accueil\",\"item\":\"https:\/\/epu-courseulles.fr\/\"},{\"@type\":\"ListItem\",\"position\":2,\"name\":\"Un peu d\u2019histoire\u2026\"}]},{\"@type\":\"WebSite\",\"@id\":\"https:\/\/epu-courseulles.fr\/#website\",\"url\":\"https:\/\/epu-courseulles.fr\/\",\"name\":\"Eglise Protestante Unie de Courseulles\",\"description\":\"Site de la Paroisse de Courseulles - C\u00f4te de Nacre\",\"potentialAction\":[{\"@type\":\"SearchAction\",\"target\":{\"@type\":\"EntryPoint\",\"urlTemplate\":\"https:\/\/epu-courseulles.fr\/?s={search_term_string}\"},\"query-input\":\"required name=search_term_string\"}],\"inLanguage\":\"fr-FR\"}]}<\/script>\n<!-- \/ Yoast SEO plugin. -->","yoast_head_json":{"title":"Un peu d\u2019histoire\u2026 - Eglise Protestante Unie de Courseulles","robots":{"index":"index","follow":"follow","max-snippet":"max-snippet:-1","max-image-preview":"max-image-preview:large","max-video-preview":"max-video-preview:-1"},"canonical":"https:\/\/epu-courseulles.fr\/index.php\/un-peu-dhistoire\/","og_locale":"fr_FR","og_type":"article","og_title":"Un peu d\u2019histoire\u2026 - Eglise Protestante Unie de Courseulles","og_description":"C\u2019est depuis l\u2019an 1564 que l\u2019Eglise r\u00e9form\u00e9e est pr\u00e9sente \u00e0 Courseulles. En 1648, le cimeti\u00e8re protestant est cr\u00e9\u00e9; il est toujours l\u00e0, entour\u00e9 de son mur de pierres. Il disposait m\u00eame d\u2019une entr\u00e9e directe sur l\u2019ext\u00e9rieur afin que les protestants ne traversent pas le cimeti\u00e8re communal au milieu duquel il se trouve. En 1822, le temple est construit, dans un terrain mar\u00e9cageux donn\u00e9 par Mr Auguste Osmont, au bout d\u2019un chemin menant au \u00abmarais\u00bb ; cette donation a \u00e9t\u00e9 confirm\u00e9e...Lire la suite Lire la suite","og_url":"https:\/\/epu-courseulles.fr\/index.php\/un-peu-dhistoire\/","og_site_name":"Eglise Protestante Unie de Courseulles","og_image":[{"url":"http:\/\/erf-courseulles.fr\/wp-content\/uploads\/2012\/06\/courseulles1.jpg"}],"twitter_card":"summary_large_image","twitter_misc":{"Dur\u00e9e de lecture estim\u00e9e":"3 minutes"},"schema":{"@context":"https:\/\/schema.org","@graph":[{"@type":"WebPage","@id":"https:\/\/epu-courseulles.fr\/index.php\/un-peu-dhistoire\/","url":"https:\/\/epu-courseulles.fr\/index.php\/un-peu-dhistoire\/","name":"Un peu d\u2019histoire\u2026 - Eglise Protestante Unie de Courseulles","isPartOf":{"@id":"https:\/\/epu-courseulles.fr\/#website"},"primaryImageOfPage":{"@id":"https:\/\/epu-courseulles.fr\/index.php\/un-peu-dhistoire\/#primaryimage"},"image":{"@id":"https:\/\/epu-courseulles.fr\/index.php\/un-peu-dhistoire\/#primaryimage"},"thumbnailUrl":"http:\/\/erf-courseulles.fr\/wp-content\/uploads\/2012\/06\/courseulles1.jpg","datePublished":"2021-07-11T14:54:32+00:00","dateModified":"2021-07-11T14:54:32+00:00","breadcrumb":{"@id":"https:\/\/epu-courseulles.fr\/index.php\/un-peu-dhistoire\/#breadcrumb"},"inLanguage":"fr-FR","potentialAction":[{"@type":"ReadAction","target":["https:\/\/epu-courseulles.fr\/index.php\/un-peu-dhistoire\/"]}]},{"@type":"ImageObject","inLanguage":"fr-FR","@id":"https:\/\/epu-courseulles.fr\/index.php\/un-peu-dhistoire\/#primaryimage","url":"http:\/\/erf-courseulles.fr\/wp-content\/uploads\/2012\/06\/courseulles1.jpg","contentUrl":"http:\/\/erf-courseulles.fr\/wp-content\/uploads\/2012\/06\/courseulles1.jpg"},{"@type":"BreadcrumbList","@id":"https:\/\/epu-courseulles.fr\/index.php\/un-peu-dhistoire\/#breadcrumb","itemListElement":[{"@type":"ListItem","position":1,"name":"Accueil","item":"https:\/\/epu-courseulles.fr\/"},{"@type":"ListItem","position":2,"name":"Un peu d\u2019histoire\u2026"}]},{"@type":"WebSite","@id":"https:\/\/epu-courseulles.fr\/#website","url":"https:\/\/epu-courseulles.fr\/","name":"Eglise Protestante Unie de Courseulles","description":"Site de la Paroisse de Courseulles - C\u00f4te de Nacre","potentialAction":[{"@type":"SearchAction","target":{"@type":"EntryPoint","urlTemplate":"https:\/\/epu-courseulles.fr\/?s={search_term_string}"},"query-input":"required name=search_term_string"}],"inLanguage":"fr-FR"}]}},"jetpack_sharing_enabled":true,"jetpack-related-posts":[],"_links":{"self":[{"href":"https:\/\/epu-courseulles.fr\/index.php\/wp-json\/wp\/v2\/pages\/17","targetHints":{"allow":["GET"]}}],"collection":[{"href":"https:\/\/epu-courseulles.fr\/index.php\/wp-json\/wp\/v2\/pages"}],"about":[{"href":"https:\/\/epu-courseulles.fr\/index.php\/wp-json\/wp\/v2\/types\/page"}],"author":[{"embeddable":true,"href":"https:\/\/epu-courseulles.fr\/index.php\/wp-json\/wp\/v2\/users\/1"}],"replies":[{"embeddable":true,"href":"https:\/\/epu-courseulles.fr\/index.php\/wp-json\/wp\/v2\/comments?post=17"}],"version-history":[{"count":1,"href":"https:\/\/epu-courseulles.fr\/index.php\/wp-json\/wp\/v2\/pages\/17\/revisions"}],"predecessor-version":[{"id":18,"href":"https:\/\/epu-courseulles.fr\/index.php\/wp-json\/wp\/v2\/pages\/17\/revisions\/18"}],"wp:attachment":[{"href":"https:\/\/epu-courseulles.fr\/index.php\/wp-json\/wp\/v2\/media?parent=17"}],"curies":[{"name":"wp","href":"https:\/\/api.w.org\/{rel}","templated":true}]}}